{"id":1524,"date":"2017-08-08T16:35:30","date_gmt":"2017-08-08T14:35:30","guid":{"rendered":"https:\/\/www.conqueror4x4europe.com\/used-units\/"},"modified":"2022-02-05T20:08:49","modified_gmt":"2022-02-05T19:08:49","slug":"gebrauchte","status":"publish","type":"page","link":"https:\/\/www.conqueror4x4europe.com\/de\/gebrauchte\/","title":{"rendered":"Gebrauchte"},"content":{"rendered":"<div id=\"cs-content\" class=\"cs-content\"><\/div>\n","protected":false},"excerpt":{"rendered":"<p>Gebrauchte EinheitenUnser Bestand \u00e4ndert sich oft, die Angaben k\u00f6nnen falsch sein. Informieren Sie bitte \u00fcber Verf\u00fcgbarkeit und Preise. VERF\u00dcGBAR Companion UEV 44020162x 105AH AkkuLuna K\u00fchlschrank 90 LiterDurchlauferhitzerLED-K\u00fcchenbeleuchtungLED-BeleuchtungHella-Steckdosen au\u00dfen (2x)Wassertank und PumpeBett 170 x 210 cmBett &#8230; <a href=\"https:\/\/www.conqueror4x4europe.com\/de\/gebrauchte\/\" class=\"more-link\">Read More<\/a><\/p>\n","protected":false},"author":2,"featured_media":0,"parent":0,"menu_order":0,"comment_status":"closed","ping_status":"closed","template":"","meta":{"_exactmetrics_skip_tracking":false,"_exactmetrics_sitenote_active":false,"_exactmetrics_sitenote_note":"","_exactmetrics_sitenote_category":0,"footnotes":""},"class_list":["post-1524","page","type-page","status-publish","hentry","no-post-thumbnail"],"_links":{"self":[{"href":"https:\/\/www.conqueror4x4europe.com\/de\/wp-json\/wp\/v2\/pages\/1524\/"}],"collection":[{"href":"https:\/\/www.conqueror4x4europe.com\/de\/wp-json\/wp\/v2\/pages\/"}],"about":[{"href":"https:\/\/www.conqueror4x4europe.com\/de\/wp-json\/wp\/v2\/types\/page\/"}],"author":[{"embeddable":true,"href":"https:\/\/www.conqueror4x4europe.com\/de\/wp-json\/wp\/v2\/users\/2\/"}],"replies":[{"embeddable":true,"href":"https:\/\/www.conqueror4x4europe.com\/de\/wp-json\/wp\/v2\/comments\/?post=1524"}],"version-history":[{"count":9,"href":"https:\/\/www.conqueror4x4europe.com\/de\/wp-json\/wp\/v2\/pages\/1524\/revisions\/"}],"predecessor-version":[{"id":2421,"href":"https:\/\/www.conqueror4x4europe.com\/de\/wp-json\/wp\/v2\/pages\/1524\/revisions\/2421\/"}],"wp:attachment":[{"href":"https:\/\/www.conqueror4x4europe.com\/de\/wp-json\/wp\/v2\/media\/?parent=1524"}],"curies":[{"name":"wp","href":"https:\/\/api.w.org\/{rel}","templated":true}]}}